{"id":488,"date":"2012-04-27T07:40:14","date_gmt":"2012-04-27T07:40:14","guid":{"rendered":"http:\/\/Herold-Modellbau.de\/?page_id=488"},"modified":"2022-12-27T10:29:41","modified_gmt":"2022-12-27T10:29:41","slug":"startseite","status":"publish","type":"page","link":"https:\/\/Herold-Modellbau.de\/","title":{"rendered":"Startseite"},"content":{"rendered":"<div><\/div>\n<div><\/div>\n<p>Hallo und Willkommen.<\/p>\n<p>Auf meiner Homepage stelle ich mein Hobby Funktionsmodellbau vor. Ich gebe kleine Einblicke in die Welt des Modellbau&#8217;s f\u00fcr kleine und m\u00f6glichst vorbildnah funktionierende Modelle in den Ma\u00dfst\u00e4ben 1:18 ; 1:14,5 ; 1:12 und neuerdings auch 1:25 .<\/p>\n<p>Mein Ziel ist es, in kleinen Modellen so viele Funktionen wie m\u00f6glich zum Leben zu erwecken\u00a0ohne die Optik vom\u00a0gro\u00dfen Vorbild zu verlieren.<\/p>\n<p>Wer jetzt neugierig geworden ist, sollte sich meine Projekte einmal etwas n\u00e4her ansehen.<\/p>\n<p>Viel Spa\u00df beim St\u00f6bern \ud83d\ude09<\/p>\n<p>Frank Herold<\/p>\n","protected":false},"excerpt":{"rendered":"<p>Hallo und Willkommen. Auf meiner Homepage stelle ich mein Hobby Funktionsmodellbau vor. Ich gebe kleine Einblicke in die Welt des Modellbau&#8217;s f\u00fcr kleine und m\u00f6glichst vorbildnah funktionierende Modelle in den Ma\u00dfst\u00e4ben 1:18 ; 1:14,5 ; 1:12 und neuerdings auch 1:25 . Mein Ziel ist es, in kleinen Modellen so viele Funktionen wie m\u00f6glich zum Leben &hellip; <a href=\"https:\/\/Herold-Modellbau.de\/\" class=\"more-link\"><span class=\"screen-reader-text\">\u201eStartseite\u201c<\/span> weiterlesen<\/a><\/p>\n","protected":false},"author":3,"featured_media":0,"parent":0,"menu_order":0,"comment_status":"closed","ping_status":"closed","template":"startseite.php","meta":[],"_links":{"self":[{"href":"https:\/\/Herold-Modellbau.de\/index.php?rest_route=\/wp\/v2\/pages\/488"}],"collection":[{"href":"https:\/\/Herold-Modellbau.de\/index.php?rest_route=\/wp\/v2\/pages"}],"about":[{"href":"https:\/\/Herold-Modellbau.de\/index.php?rest_route=\/wp\/v2\/types\/page"}],"author":[{"embeddable":true,"href":"https:\/\/Herold-Modellbau.de\/index.php?rest_route=\/wp\/v2\/users\/3"}],"replies":[{"embeddable":true,"href":"https:\/\/Herold-Modellbau.de\/index.php?rest_route=%2Fwp%2Fv2%2Fcomments&post=488"}],"version-history":[{"count":20,"href":"https:\/\/Herold-Modellbau.de\/index.php?rest_route=\/wp\/v2\/pages\/488\/revisions"}],"predecessor-version":[{"id":2314,"href":"https:\/\/Herold-Modellbau.de\/index.php?rest_route=\/wp\/v2\/pages\/488\/revisions\/2314"}],"wp:attachment":[{"href":"https:\/\/Herold-Modellbau.de\/index.php?rest_route=%2Fwp%2Fv2%2Fmedia&parent=488"}],"curies":[{"name":"wp","href":"https:\/\/api.w.org\/{rel}","templated":true}]}}