{"id":6,"date":"2012-04-17T19:27:35","date_gmt":"2012-04-17T19:27:35","guid":{"rendered":"http:\/\/sebastian.familie-frank-herold.de\/?page_id=6"},"modified":"2022-12-26T20:56:02","modified_gmt":"2022-12-26T20:56:02","slug":"impressum","status":"publish","type":"page","link":"https:\/\/Herold-Modellbau.de\/?page_id=6","title":{"rendered":"Impressum"},"content":{"rendered":"<h1>Impressum<\/h1>\n<p>Dies ist eine\u00a0<span style=\"text-decoration: underline;\"><strong>nicht kommerzielle<\/strong><\/span>\u00a0Website zur Darstellung meines Hobby Funktionsmodellbau.<\/p>\n<div id=\"id0_inside\">Die Seiten der Familie Herold &#8222;Frank&#8217;s Modellbauseite&#8220; wird betrieben von:<\/div>\n<div><\/div>\n<div>Frank Herold<br \/>\nRaiffeisenstra\u00dfe 36c<br \/>\n55437 Appenheim<br \/>\ninfo(at)herold-modellbau.de<\/div>\n<h1><\/h1>\n<h1>Rechtliches<\/h1>\n<p>Ich\u00a0distanziere \u00a0mich ausdr\u00fccklich von allen Inhalten aller ver\/ge-linkten Seiten auf\u00a0\u00a0\u00a0\u00a0dieser Webseite und mache mir diese Inhalte nicht zueigen. Diese Erkl\u00e4rung gilt f\u00fcr alle auf dieser Webseite angebrachten Links. Sollten wider Erwarten Links auf meinen Seiten auf Seiten mit illegalen Inhalten verweisen, bitte ich ausdr\u00fccklich darum, mir dies unverz\u00fcglich mitzuteilen. Derartige Links werden gnadenlos und unverz\u00fcglich entfernt.<\/p>\n<p>&#8211; Diese Webseite <a href=\"http:\/\/www.herold-modellbau.de\">www.herold-modellbau.de<\/a> und alle Inhalte, die auf dieser Seite angeboten werden, sind private Inhalte.<\/p>\n<p>&#8211; Diese Seite und alle Inhalte dienen nur der Information \u00fcber mich und meine Projekte und stehen hier kostenfrei als Informationsquelle zur Verf\u00fcgung.<\/p>\n<p>&#8211; Alle Inhalte sind von mir nach bestem Wissen gepr\u00fcft worden, allerdings kann ich nicht f\u00fcr die Fehlerfreiheit garantieren.<\/p>\n<p>&#8211; Alle Artikel sind von mir verfasst und spiegeln meinen Wissensstand wieder, wobei ich f\u00fcr inhaltliche Richtigkeit nicht garantieren kann.<\/p>\n<p>&#8211; Bis auf gekennzeichnete Inhalte unterliegen alle Inhalte meinem ideellen Copyright.<\/p>\n<p>&#8211; Sollte mir an irgendeiner Stelle eine Urheberrechtsverletzung unterlaufen sein, bitte ich um eine Mitteilung. Ich werde die betreffenden Inhalte sofort entfernen.<\/p>\n<p>&#8211; Die Domain &#8222;<a href=\"https:\/\/herold-modellbau.de\/\">https:\/\/herold-modellbau.de\/<\/a>&#8220; ist auf meinen Namen registriert. Sollen Sie berechtigten Anspruch an dieser Domain haben, schreiben Sie mir bitte. Ich werde die Domain dann \u00fcbertragen. Jedes gerichtliche Vorgehen wird ignoriert, da ein solches Vorgehen nicht n\u00f6tig w\u00e4re und nur meinen Geldbeutel belastet. Eine einfache Mail gen\u00fcgt.<\/p>\n<p>&#8211; Der Name &#8222;Frank&#8217;s Modellbauseite&#8220; ist ein von mir erdachter Phantasiename. Zum jetzigen Zeitpunkt verfolgt dieser Name keine kommerzielle Absicht, sondern dient (wie die gesamte Seite) nur der besseren Wiedererkennung meiner Arbeit.<\/p>\n<p>&#8211; Ich \u00fcbernehme keinerlei Verantwortung f\u00fcr irgendwelche Sch\u00e4den, die durch die hier bereitgestellten Schrift-, und Bilddokumente entstehen.<\/p>\n<p>&#8211; Auf dieser Seite wird nicht gesondert auf eingetragene Markennamen hingewiesen. Daher kann es vorkommen, dass W\u00f6rter oder Teile eines Wortes Markennamen oder Bestandteile von Markennamen sind. Mir liegt jeder Missbrauch solcher Markennamen fern. Alle Marken geh\u00f6ren ihren rechtm\u00e4\u00dfigen Eigent\u00fcmern.<\/p>\n<p>Frank Herold<\/p>\n","protected":false},"excerpt":{"rendered":"<p>Impressum Dies ist eine\u00a0nicht kommerzielle\u00a0Website zur Darstellung meines Hobby Funktionsmodellbau. Die Seiten der Familie Herold &#8222;Frank&#8217;s Modellbauseite&#8220; wird betrieben von: Frank Herold Raiffeisenstra\u00dfe 36c 55437 Appenheim info(at)herold-modellbau.de Rechtliches Ich\u00a0distanziere \u00a0mich ausdr\u00fccklich von allen Inhalten aller ver\/ge-linkten Seiten auf\u00a0\u00a0\u00a0\u00a0dieser Webseite und mache mir diese Inhalte nicht zueigen. Diese Erkl\u00e4rung gilt f\u00fcr alle auf dieser Webseite angebrachten &hellip; <a href=\"https:\/\/Herold-Modellbau.de\/?page_id=6\" class=\"more-link\"><span class=\"screen-reader-text\">\u201eImpressum\u201c<\/span> weiterlesen<\/a><\/p>\n","protected":false},"author":3,"featured_media":0,"parent":0,"menu_order":0,"comment_status":"closed","ping_status":"closed","template":"","meta":[],"_links":{"self":[{"href":"https:\/\/Herold-Modellbau.de\/index.php?rest_route=\/wp\/v2\/pages\/6"}],"collection":[{"href":"https:\/\/Herold-Modellbau.de\/index.php?rest_route=\/wp\/v2\/pages"}],"about":[{"href":"https:\/\/Herold-Modellbau.de\/index.php?rest_route=\/wp\/v2\/types\/page"}],"author":[{"embeddable":true,"href":"https:\/\/Herold-Modellbau.de\/index.php?rest_route=\/wp\/v2\/users\/3"}],"replies":[{"embeddable":true,"href":"https:\/\/Herold-Modellbau.de\/index.php?rest_route=%2Fwp%2Fv2%2Fcomments&post=6"}],"version-history":[{"count":19,"href":"https:\/\/Herold-Modellbau.de\/index.php?rest_route=\/wp\/v2\/pages\/6\/revisions"}],"predecessor-version":[{"id":2297,"href":"https:\/\/Herold-Modellbau.de\/index.php?rest_route=\/wp\/v2\/pages\/6\/revisions\/2297"}],"wp:attachment":[{"href":"https:\/\/Herold-Modellbau.de\/index.php?rest_route=%2Fwp%2Fv2%2Fmedia&parent=6"}],"curies":[{"name":"wp","href":"https:\/\/api.w.org\/{rel}","templated":true}]}}